{"id":63,"date":"2025-11-11T20:58:30","date_gmt":"2025-11-11T19:58:30","guid":{"rendered":"https:\/\/fairim.com\/?page_id=63"},"modified":"2025-11-12T10:15:31","modified_gmt":"2025-11-12T09:15:31","slug":"centre-de-sante","status":"publish","type":"page","link":"https:\/\/fairim.com\/index.php\/centre-de-sante\/","title":{"rendered":"Healthcare"},"content":{"rendered":"\n<figure class=\"wp-block-image size-full\"><img loading=\"lazy\" decoding=\"async\" width=\"640\" height=\"482\" src=\"http:\/\/fairim.com\/wp-content\/uploads\/2025\/11\/Evreux.jpg\" alt=\"\" class=\"wp-image-64\" srcset=\"https:\/\/fairim.com\/wp-content\/uploads\/2025\/11\/Evreux.jpg 640w, https:\/\/fairim.com\/wp-content\/uploads\/2025\/11\/Evreux-300x226.jpg 300w\" sizes=\"auto, (max-width: 640px) 100vw, 640px\" \/><figcaption class=\"wp-element-caption\">Health Care<\/figcaption><\/figure>\n\n\n\n<p class=\"has-text-align-justify has-text-align-justify\">The health center located near Evreux, with an internal area of approximately 650 m\u00b2, is fully rented out with 10 professionals operating within it. The building has been entirely designed and equipped with modern dental equipment, and its architecture is dedicated to supporting intensive activities. The building benefits from maximum natural lighting and resembles a research center; it also features a large parking area and external green spaces. The entire complex was created to provide professionals with maximum efficiency and comfort in their practice.<\/p>\n","protected":false},"excerpt":{"rendered":"<p>Le centre de sant\u00e9 Santos Dumont est un b\u00e2timent d&rsquo;architecture contemporaine et de conception d\u00e9di\u00e9e aux activit\u00e9s m\u00e9dicales. <\/p>\n","protected":false},"author":1,"featured_media":64,"parent":0,"menu_order":0,"comment_status":"closed","ping_status":"closed","template":"","meta":{"_editorskit_title_hidden":false,"_editorskit_reading_time":0,"_editorskit_is_block_options_detached":false,"_editorskit_block_options_position":"{}","footnotes":""},"class_list":["post-63","page","type-page","status-publish","has-post-thumbnail","hentry"],"_links":{"self":[{"href":"https:\/\/fairim.com\/index.php\/wp-json\/wp\/v2\/pages\/63","targetHints":{"allow":["GET"]}}],"collection":[{"href":"https:\/\/fairim.com\/index.php\/wp-json\/wp\/v2\/pages"}],"about":[{"href":"https:\/\/fairim.com\/index.php\/wp-json\/wp\/v2\/types\/page"}],"author":[{"embeddable":true,"href":"https:\/\/fairim.com\/index.php\/wp-json\/wp\/v2\/users\/1"}],"replies":[{"embeddable":true,"href":"https:\/\/fairim.com\/index.php\/wp-json\/wp\/v2\/comments?post=63"}],"version-history":[{"count":5,"href":"https:\/\/fairim.com\/index.php\/wp-json\/wp\/v2\/pages\/63\/revisions"}],"predecessor-version":[{"id":72,"href":"https:\/\/fairim.com\/index.php\/wp-json\/wp\/v2\/pages\/63\/revisions\/72"}],"wp:featuredmedia":[{"embeddable":true,"href":"https:\/\/fairim.com\/index.php\/wp-json\/wp\/v2\/media\/64"}],"wp:attachment":[{"href":"https:\/\/fairim.com\/index.php\/wp-json\/wp\/v2\/media?parent=63"}],"curies":[{"name":"wp","href":"https:\/\/api.w.org\/{rel}","templated":true}]}}